{"id":2980,"date":"2025-06-01T22:19:59","date_gmt":"2025-06-02T02:19:59","guid":{"rendered":"https:\/\/phomere.com\/?page_id=2980"},"modified":"2025-06-01T22:34:44","modified_gmt":"2025-06-02T02:34:44","slug":"blog","status":"publish","type":"page","link":"https:\/\/phomere.com\/en\/blog\/","title":{"rendered":"Blog"},"content":{"rendered":"<div data-elementor-type=\"wp-page\" data-elementor-id=\"2980\" class=\"elementor elementor-2980\" data-elementor-post-type=\"page\">\n\t\t\t\t\t\t\t\t\t<section class=\"elementor-section elementor-top-section elementor-element elementor-element-e0986ae elementor-section-boxed elementor-section-height-default elementor-section-height-default\" data-id=\"e0986ae\" data-element_type=\"section\">\n\t\t\t\t\t\t<div class=\"elementor-container elementor-column-gap-default\">\n\t\t\t\t\t<div class=\"elementor-column elementor-col-100 elementor-top-column elementor-element elementor-element-a31103e\" data-id=\"a31103e\" data-element_type=\"column\">\n\t\t\t<div class=\"elementor-widget-wrap elementor-element-populated\">\n\t\t\t\t\t\t\t\t<div class=\"elementor-element elementor-element-a9ed2ac elementor-grid-2 elementor-grid-tablet-2 elementor-grid-mobile-1 elementor-posts--thumbnail-top elementor-widget elementor-widget-posts\" data-id=\"a9ed2ac\" data-element_type=\"widget\" data-settings=\"{&quot;classic_columns&quot;:&quot;2&quot;,&quot;classic_columns_tablet&quot;:&quot;2&quot;,&quot;classic_columns_mobile&quot;:&quot;1&quot;,&quot;classic_row_gap&quot;:{&quot;unit&quot;:&quot;px&quot;,&quot;size&quot;:35,&quot;sizes&quot;:[]},&quot;classic_row_gap_tablet&quot;:{&quot;unit&quot;:&quot;px&quot;,&quot;size&quot;:&quot;&quot;,&quot;sizes&quot;:[]},&quot;classic_row_gap_mobile&quot;:{&quot;unit&quot;:&quot;px&quot;,&quot;size&quot;:&quot;&quot;,&quot;sizes&quot;:[]}}\" data-widget_type=\"posts.classic\">\n\t\t\t\t<div class=\"elementor-widget-container\">\n\t\t\t<link rel=\"stylesheet\" href=\"https:\/\/phomere.com\/wp-content\/plugins\/elementor-pro\/assets\/css\/widget-posts.min.css\">\t\t<div class=\"elementor-posts-container elementor-posts elementor-posts--skin-classic elementor-grid\">\n\t\t\t\t<article class=\"elementor-post elementor-grid-item post-2986 page type-page status-publish hentry\">\n\t\t\t\t<div class=\"elementor-post__text\">\n\t\t\t\t<h3 class=\"elementor-post__title\">\n\t\t\t<a href=\"https:\/\/phomere.com\/en\/sous-traitant-en-reliure-specialisee-a-quebec-projets-imprimes\/\" >\n\t\t\t\tSous-traitant en reliure sp\u00e9cialis\u00e9e \u00e0 Qu\u00e9bec : projets imprim\u00e9s\t\t\t<\/a>\n\t\t<\/h3>\n\t\t\t\t<div class=\"elementor-post__meta-data\">\n\t\t\t\t\t<span class=\"elementor-post-date\">\n\t\t\tJune 1, 2025\t\t<\/span>\n\t\t\t\t<\/div>\n\t\t\t\t<div class=\"elementor-post__excerpt\">\n\t\t\t<p>Certains projets imprim\u00e9s vont bien au-del\u00e0 du simple \u201cpapier + encre\u201d. Ils n\u00e9cessitent\u00a0une structure, une finition, un assemblage ou un effet sensoriel\u00a0que l\u2019impression seule ne<\/p>\n\t\t<\/div>\n\t\t\n\t\t<a class=\"elementor-post__read-more\" href=\"https:\/\/phomere.com\/en\/sous-traitant-en-reliure-specialisee-a-quebec-projets-imprimes\/\" aria-label=\"Read more about Sous-traitant en reliure sp\u00e9cialis\u00e9e \u00e0 Qu\u00e9bec : projets imprim\u00e9s\" tabindex=\"-1\" >\n\t\t\tLire la suite \u00bb\t\t<\/a>\n\n\t\t\t\t<\/div>\n\t\t\t\t<\/article>\n\t\t\t\t<article class=\"elementor-post elementor-grid-item post-2971 page type-page status-publish hentry\">\n\t\t\t\t<div class=\"elementor-post__text\">\n\t\t\t\t<h3 class=\"elementor-post__title\">\n\t\t\t<a href=\"https:\/\/phomere.com\/en\/pourquoi-un-menu-haut-de-gamme-est-votre-meilleur-outil-marketing\/\" >\n\t\t\t\tUn menu haut de gamme est votre meilleur outil marketing\t\t\t<\/a>\n\t\t<\/h3>\n\t\t\t\t<div class=\"elementor-post__meta-data\">\n\t\t\t\t\t<span class=\"elementor-post-date\">\n\t\t\tJune 1, 2025\t\t<\/span>\n\t\t\t\t<\/div>\n\t\t\t\t<div class=\"elementor-post__excerpt\">\n\t\t\t<p>Dans un restaurant, chaque d\u00e9tail compte. Le d\u00e9cor, l\u2019ambiance, le service\u2026 tout contribue \u00e0 l\u2019exp\u00e9rience du client. Mais il y a un \u00e9l\u00e9ment souvent sous-estim\u00e9,<\/p>\n\t\t<\/div>\n\t\t\n\t\t<a class=\"elementor-post__read-more\" href=\"https:\/\/phomere.com\/en\/pourquoi-un-menu-haut-de-gamme-est-votre-meilleur-outil-marketing\/\" aria-label=\"Read more about Un menu haut de gamme est votre meilleur outil marketing\" tabindex=\"-1\" >\n\t\t\tLire la suite \u00bb\t\t<\/a>\n\n\t\t\t\t<\/div>\n\t\t\t\t<\/article>\n\t\t\t\t<article class=\"elementor-post elementor-grid-item post-2960 page type-page status-publish hentry\">\n\t\t\t\t<div class=\"elementor-post__text\">\n\t\t\t\t<h3 class=\"elementor-post__title\">\n\t\t\t<a href=\"https:\/\/phomere.com\/en\/reliure-sur-mesure-ce-que-vous-devez-savoir-avant-de-demarrer\/\" >\n\t\t\t\tReliure sur mesure : ce que vous devez savoir avant de d\u00e9marrer\t\t\t<\/a>\n\t\t<\/h3>\n\t\t\t\t<div class=\"elementor-post__meta-data\">\n\t\t\t\t\t<span class=\"elementor-post-date\">\n\t\t\tJune 1, 2025\t\t<\/span>\n\t\t\t\t<\/div>\n\t\t\t\t<div class=\"elementor-post__excerpt\">\n\t\t\t<p>Pourquoi appeler un expert d\u00e8s le d\u00e9but peut transformer votre projet? Dans le monde de l\u2019imprimerie, certains projets de reliure sortent du cadre classique. Bo\u00eetiers<\/p>\n\t\t<\/div>\n\t\t\n\t\t<a class=\"elementor-post__read-more\" href=\"https:\/\/phomere.com\/en\/reliure-sur-mesure-ce-que-vous-devez-savoir-avant-de-demarrer\/\" aria-label=\"Read more about Reliure sur mesure : ce que vous devez savoir avant de d\u00e9marrer\" tabindex=\"-1\" >\n\t\t\tLire la suite \u00bb\t\t<\/a>\n\n\t\t\t\t<\/div>\n\t\t\t\t<\/article>\n\t\t\t\t<\/div>\n\t\t\n\t\t\t\t<\/div>\n\t\t\t\t<\/div>\n\t\t\t\t\t<\/div>\n\t\t<\/div>\n\t\t\t\t\t\t\t<\/div>\n\t\t<\/section>\n\t\t\t\t\t\t\t<\/div>","protected":false},"excerpt":{"rendered":"","protected":false},"author":1,"featured_media":0,"parent":0,"menu_order":0,"comment_status":"closed","ping_status":"closed","template":"","meta":{"footnotes":""},"class_list":["post-2980","page","type-page","status-publish","hentry"],"yoast_head":"<!-- This site is optimized with the Yoast SEO plugin v24.0 - https:\/\/yoast.com\/wordpress\/plugins\/seo\/ -->\n<title>Blog - Industries Phomere<\/title>\n<meta name=\"robots\" content=\"index, follow, max-snippet:-1, max-image-preview:large, max-video-preview:-1\" \/>\n<link rel=\"canonical\" href=\"https:\/\/phomere.com\/en\/blog\/\" \/>\n<meta property=\"og:locale\" content=\"en_US\" \/>\n<meta property=\"og:type\" content=\"article\" \/>\n<meta property=\"og:title\" content=\"Blog - Industries Phomere\" \/>\n<meta property=\"og:url\" content=\"https:\/\/phomere.com\/en\/blog\/\" \/>\n<meta property=\"og:site_name\" content=\"Industries Phomere\" \/>\n<meta property=\"article:publisher\" content=\"https:\/\/www.facebook.com\/PHOMERE\" \/>\n<meta property=\"article:modified_time\" content=\"2025-06-02T02:34:44+00:00\" \/>\n<meta name=\"twitter:card\" content=\"summary_large_image\" \/>\n<meta name=\"twitter:label1\" content=\"Est. reading time\" \/>\n\t<meta name=\"twitter:data1\" content=\"2 minutes\" \/>\n<script type=\"application\/ld+json\" class=\"yoast-schema-graph\">{\"@context\":\"https:\/\/schema.org\",\"@graph\":[{\"@type\":\"WebPage\",\"@id\":\"https:\/\/phomere.com\/blog\/\",\"url\":\"https:\/\/phomere.com\/blog\/\",\"name\":\"Blog - Industries Phomere\",\"isPartOf\":{\"@id\":\"https:\/\/phomere.com\/#website\"},\"datePublished\":\"2025-06-02T02:19:59+00:00\",\"dateModified\":\"2025-06-02T02:34:44+00:00\",\"breadcrumb\":{\"@id\":\"https:\/\/phomere.com\/blog\/#breadcrumb\"},\"inLanguage\":\"en-CA\",\"potentialAction\":[{\"@type\":\"ReadAction\",\"target\":[\"https:\/\/phomere.com\/blog\/\"]}]},{\"@type\":\"BreadcrumbList\",\"@id\":\"https:\/\/phomere.com\/blog\/#breadcrumb\",\"itemListElement\":[{\"@type\":\"ListItem\",\"position\":1,\"name\":\"Accueil\",\"item\":\"https:\/\/phomere.com\/\"},{\"@type\":\"ListItem\",\"position\":2,\"name\":\"Blog\"}]},{\"@type\":\"WebSite\",\"@id\":\"https:\/\/phomere.com\/#website\",\"url\":\"https:\/\/phomere.com\/\",\"name\":\"Phomere Industrie\",\"description\":\"\",\"publisher\":{\"@id\":\"https:\/\/phomere.com\/#organization\"},\"potentialAction\":[{\"@type\":\"SearchAction\",\"target\":{\"@type\":\"EntryPoint\",\"urlTemplate\":\"https:\/\/phomere.com\/?s={search_term_string}\"},\"query-input\":{\"@type\":\"PropertyValueSpecification\",\"valueRequired\":true,\"valueName\":\"search_term_string\"}}],\"inLanguage\":\"en-CA\"},{\"@type\":\"Organization\",\"@id\":\"https:\/\/phomere.com\/#organization\",\"name\":\"Phomere Industrie\",\"url\":\"https:\/\/phomere.com\/\",\"logo\":{\"@type\":\"ImageObject\",\"inLanguage\":\"en-CA\",\"@id\":\"https:\/\/phomere.com\/#\/schema\/logo\/image\/\",\"url\":\"https:\/\/phomere.com\/wp-content\/uploads\/2024\/12\/cropped-logo-phomere2.jpg\",\"contentUrl\":\"https:\/\/phomere.com\/wp-content\/uploads\/2024\/12\/cropped-logo-phomere2.jpg\",\"width\":1280,\"height\":1280,\"caption\":\"Phomere Industrie\"},\"image\":{\"@id\":\"https:\/\/phomere.com\/#\/schema\/logo\/image\/\"},\"sameAs\":[\"https:\/\/www.facebook.com\/PHOMERE\",\"https:\/\/www.instagram.com\/industriesphomere\/\"]}]}<\/script>\n<!-- \/ Yoast SEO plugin. -->","yoast_head_json":{"title":"Blog - Industries Phomere","robots":{"index":"index","follow":"follow","max-snippet":"max-snippet:-1","max-image-preview":"max-image-preview:large","max-video-preview":"max-video-preview:-1"},"canonical":"https:\/\/phomere.com\/en\/blog\/","og_locale":"en_US","og_type":"article","og_title":"Blog - Industries Phomere","og_url":"https:\/\/phomere.com\/en\/blog\/","og_site_name":"Industries Phomere","article_publisher":"https:\/\/www.facebook.com\/PHOMERE","article_modified_time":"2025-06-02T02:34:44+00:00","twitter_card":"summary_large_image","twitter_misc":{"Est. reading time":"2 minutes"},"schema":{"@context":"https:\/\/schema.org","@graph":[{"@type":"WebPage","@id":"https:\/\/phomere.com\/blog\/","url":"https:\/\/phomere.com\/blog\/","name":"Blog - Industries Phomere","isPartOf":{"@id":"https:\/\/phomere.com\/#website"},"datePublished":"2025-06-02T02:19:59+00:00","dateModified":"2025-06-02T02:34:44+00:00","breadcrumb":{"@id":"https:\/\/phomere.com\/blog\/#breadcrumb"},"inLanguage":"en-CA","potentialAction":[{"@type":"ReadAction","target":["https:\/\/phomere.com\/blog\/"]}]},{"@type":"BreadcrumbList","@id":"https:\/\/phomere.com\/blog\/#breadcrumb","itemListElement":[{"@type":"ListItem","position":1,"name":"Accueil","item":"https:\/\/phomere.com\/"},{"@type":"ListItem","position":2,"name":"Blog"}]},{"@type":"WebSite","@id":"https:\/\/phomere.com\/#website","url":"https:\/\/phomere.com\/","name":"Phomere Industrie","description":"","publisher":{"@id":"https:\/\/phomere.com\/#organization"},"potentialAction":[{"@type":"SearchAction","target":{"@type":"EntryPoint","urlTemplate":"https:\/\/phomere.com\/?s={search_term_string}"},"query-input":{"@type":"PropertyValueSpecification","valueRequired":true,"valueName":"search_term_string"}}],"inLanguage":"en-CA"},{"@type":"Organization","@id":"https:\/\/phomere.com\/#organization","name":"Phomere Industrie","url":"https:\/\/phomere.com\/","logo":{"@type":"ImageObject","inLanguage":"en-CA","@id":"https:\/\/phomere.com\/#\/schema\/logo\/image\/","url":"https:\/\/phomere.com\/wp-content\/uploads\/2024\/12\/cropped-logo-phomere2.jpg","contentUrl":"https:\/\/phomere.com\/wp-content\/uploads\/2024\/12\/cropped-logo-phomere2.jpg","width":1280,"height":1280,"caption":"Phomere Industrie"},"image":{"@id":"https:\/\/phomere.com\/#\/schema\/logo\/image\/"},"sameAs":["https:\/\/www.facebook.com\/PHOMERE","https:\/\/www.instagram.com\/industriesphomere\/"]}]}},"_links":{"self":[{"href":"https:\/\/phomere.com\/en\/wp-json\/wp\/v2\/pages\/2980","targetHints":{"allow":["GET"]}}],"collection":[{"href":"https:\/\/phomere.com\/en\/wp-json\/wp\/v2\/pages"}],"about":[{"href":"https:\/\/phomere.com\/en\/wp-json\/wp\/v2\/types\/page"}],"author":[{"embeddable":true,"href":"https:\/\/phomere.com\/en\/wp-json\/wp\/v2\/users\/1"}],"replies":[{"embeddable":true,"href":"https:\/\/phomere.com\/en\/wp-json\/wp\/v2\/comments?post=2980"}],"version-history":[{"count":7,"href":"https:\/\/phomere.com\/en\/wp-json\/wp\/v2\/pages\/2980\/revisions"}],"predecessor-version":[{"id":2994,"href":"https:\/\/phomere.com\/en\/wp-json\/wp\/v2\/pages\/2980\/revisions\/2994"}],"wp:attachment":[{"href":"https:\/\/phomere.com\/en\/wp-json\/wp\/v2\/media?parent=2980"}],"curies":[{"name":"wp","href":"https:\/\/api.w.org\/{rel}","templated":true}]}}